{"id":578,"date":"2021-02-23T10:07:14","date_gmt":"2021-02-23T10:07:14","guid":{"rendered":"https:\/\/avenirlocationreunion.fr\/?page_id=578"},"modified":"2025-01-02T17:32:15","modified_gmt":"2025-01-02T13:32:15","slug":"contact","status":"publish","type":"page","link":"https:\/\/avenirlocationreunion.fr\/?page_id=578","title":{"rendered":"Contact"},"content":{"rendered":"\t\t<div data-elementor-type=\"wp-page\" data-elementor-id=\"578\" class=\"elementor elementor-578\">\n\t\t\t\t\t\t\t\t\t<section class=\"elementor-section elementor-top-section elementor-element elementor-element-486db2d elementor-section-height-min-height elementor-hidden-mobile elementor-section-boxed elementor-section-height-default elementor-section-items-middle\" data-id=\"486db2d\" data-element_type=\"section\" data-settings=\"{&quot;background_background&quot;:&quot;classic&quot;}\">\n\t\t\t\t\t\t\t<div class=\"elementor-background-overlay\"><\/div>\n\t\t\t\t\t\t\t<div class=\"elementor-container elementor-column-gap-no\">\n\t\t\t\t\t<div class=\"elementor-column elementor-col-100 elementor-top-column elementor-element elementor-element-b92903e\" data-id=\"b92903e\" data-element_type=\"column\">\n\t\t\t<div class=\"elementor-widget-wrap elementor-element-populated\">\n\t\t\t\t\t\t\t\t<section class=\"elementor-section elementor-inner-section elementor-element elementor-element-6b38473 elementor-section-boxed elementor-section-height-default elementor-section-height-default\" data-id=\"6b38473\" data-element_type=\"section\">\n\t\t\t\t\t\t<div class=\"elementor-container elementor-column-gap-no\">\n\t\t\t\t\t<div class=\"elementor-column elementor-col-100 elementor-inner-column elementor-element elementor-element-bbd1f2d\" data-id=\"bbd1f2d\" data-element_type=\"column\">\n\t\t\t<div class=\"elementor-widget-wrap elementor-element-populated\">\n\t\t\t\t\t\t\t\t<div class=\"elementor-element elementor-element-4591dd2 elementor-invisible elementor-widget elementor-widget-heading\" data-id=\"4591dd2\" data-element_type=\"widget\" data-settings=\"{&quot;_animation&quot;:&quot;fadeIn&quot;}\" data-widget_type=\"heading.default\">\n\t\t\t\t<div class=\"elementor-widget-container\">\n\t\t\t<style>\/*! elementor - v3.14.0 - 26-06-2023 *\/\n.elementor-heading-title{padding:0;margin:0;line-height:1}.elementor-widget-heading .elementor-heading-title[class*=elementor-size-]>a{color:inherit;font-size:inherit;line-height:inherit}.elementor-widget-heading .elementor-heading-title.elementor-size-small{font-size:15px}.elementor-widget-heading .elementor-heading-title.elementor-size-medium{font-size:19px}.elementor-widget-heading .elementor-heading-title.elementor-size-large{font-size:29px}.elementor-widget-heading .elementor-heading-title.elementor-size-xl{font-size:39px}.elementor-widget-heading .elementor-heading-title.elementor-size-xxl{font-size:59px}<\/style><h1 class=\"elementor-heading-title elementor-size-default\">Contact<\/h1>\t\t<\/div>\n\t\t\t\t<\/div>\n\t\t\t\t\t<\/div>\n\t\t<\/div>\n\t\t\t\t\t\t\t<\/div>\n\t\t<\/section>\n\t\t\t\t\t<\/div>\n\t\t<\/div>\n\t\t\t\t\t\t\t<\/div>\n\t\t<\/section>\n\t\t\t\t<section class=\"elementor-section elementor-top-section elementor-element elementor-element-cbc2f61 elementor-section-boxed elementor-section-height-default elementor-section-height-default\" data-id=\"cbc2f61\" data-element_type=\"section\" data-settings=\"{&quot;background_background&quot;:&quot;classic&quot;}\">\n\t\t\t\t\t\t\t<div class=\"elementor-background-overlay\"><\/div>\n\t\t\t\t\t\t\t<div class=\"elementor-container elementor-column-gap-no\">\n\t\t\t\t\t<div class=\"elementor-column elementor-col-100 elementor-top-column elementor-element elementor-element-e498eb5\" data-id=\"e498eb5\" data-element_type=\"column\">\n\t\t\t<div class=\"elementor-widget-wrap elementor-element-populated\">\n\t\t\t\t\t\t\t\t<section class=\"elementor-section elementor-inner-section elementor-element elementor-element-61c16c9 elementor-section-boxed elementor-section-height-default elementor-section-height-default\" data-id=\"61c16c9\" data-element_type=\"section\">\n\t\t\t\t\t\t<div class=\"elementor-container elementor-column-gap-no\">\n\t\t\t\t\t<div class=\"elementor-column elementor-col-100 elementor-inner-column elementor-element elementor-element-98c56e3\" data-id=\"98c56e3\" data-element_type=\"column\">\n\t\t\t<div class=\"elementor-widget-wrap elementor-element-populated\">\n\t\t\t\t\t\t\t\t<div class=\"elementor-element elementor-element-da291e4 elementor-widget elementor-widget-heading\" data-id=\"da291e4\" data-element_type=\"widget\" data-widget_type=\"heading.default\">\n\t\t\t\t<div class=\"elementor-widget-container\">\n\t\t\t<h6 class=\"elementor-heading-title elementor-size-default\">Vous avez besoins de plus de renseignements ?<\/h6>\t\t<\/div>\n\t\t\t\t<\/div>\n\t\t\t\t<div class=\"elementor-element elementor-element-0165768 elementor-hidden-mobile elementor-widget elementor-widget-heading\" data-id=\"0165768\" data-element_type=\"widget\" data-widget_type=\"heading.default\">\n\t\t\t\t<div class=\"elementor-widget-container\">\n\t\t\t<h2 class=\"elementor-heading-title elementor-size-default\">Notre service client est disponible pour r\u00e9pondre \u00e0 vos questions.<\/h2>\t\t<\/div>\n\t\t\t\t<\/div>\n\t\t\t\t\t<\/div>\n\t\t<\/div>\n\t\t\t\t\t\t\t<\/div>\n\t\t<\/section>\n\t\t\t\t<section class=\"elementor-section elementor-inner-section elementor-element elementor-element-2b25d9e elementor-section-boxed elementor-section-height-default elementor-section-height-default\" data-id=\"2b25d9e\" data-element_type=\"section\">\n\t\t\t\t\t\t<div class=\"elementor-container elementor-column-gap-no\">\n\t\t\t\t\t<div class=\"elementor-column elementor-col-100 elementor-inner-column elementor-element elementor-element-433dde3\" data-id=\"433dde3\" data-element_type=\"column\">\n\t\t\t<div class=\"elementor-widget-wrap elementor-element-populated\">\n\t\t\t\t\t\t\t\t<div class=\"elementor-element elementor-element-ac78d18 elementor-hidden-mobile elementor-widget-divider--view-line elementor-widget elementor-widget-divider\" data-id=\"ac78d18\" data-element_type=\"widget\" data-widget_type=\"divider.default\">\n\t\t\t\t<div class=\"elementor-widget-container\">\n\t\t\t<style>\/*! elementor - v3.14.0 - 26-06-2023 *\/\n.elementor-widget-divider{--divider-border-style:none;--divider-border-width:1px;--divider-color:#0c0d0e;--divider-icon-size:20px;--divider-element-spacing:10px;--divider-pattern-height:24px;--divider-pattern-size:20px;--divider-pattern-url:none;--divider-pattern-repeat:repeat-x}.elementor-widget-divider .elementor-divider{display:flex}.elementor-widget-divider .elementor-divider__text{font-size:15px;line-height:1;max-width:95%}.elementor-widget-divider .elementor-divider__element{margin:0 var(--divider-element-spacing);flex-shrink:0}.elementor-widget-divider .elementor-icon{font-size:var(--divider-icon-size)}.elementor-widget-divider .elementor-divider-separator{display:flex;margin:0;direction:ltr}.elementor-widget-divider--view-line_icon .elementor-divider-separator,.elementor-widget-divider--view-line_text .elementor-divider-separator{align-items:center}.elementor-widget-divider--view-line_icon .elementor-divider-separator:after,.elementor-widget-divider--view-line_icon .elementor-divider-separator:before,.elementor-widget-divider--view-line_text .elementor-divider-separator:after,.elementor-widget-divider--view-line_text .elementor-divider-separator:before{display:block;content:\"\";border-bottom:0;flex-grow:1;border-top:var(--divider-border-width) var(--divider-border-style) var(--divider-color)}.elementor-widget-divider--element-align-left .elementor-divider .elementor-divider-separator>.elementor-divider__svg:first-of-type{flex-grow:0;flex-shrink:100}.elementor-widget-divider--element-align-left .elementor-divider-separator:before{content:none}.elementor-widget-divider--element-align-left .elementor-divider__element{margin-left:0}.elementor-widget-divider--element-align-right .elementor-divider .elementor-divider-separator>.elementor-divider__svg:last-of-type{flex-grow:0;flex-shrink:100}.elementor-widget-divider--element-align-right .elementor-divider-separator:after{content:none}.elementor-widget-divider--element-align-right .elementor-divider__element{margin-right:0}.elementor-widget-divider:not(.elementor-widget-divider--view-line_text):not(.elementor-widget-divider--view-line_icon) .elementor-divider-separator{border-top:var(--divider-border-width) var(--divider-border-style) var(--divider-color)}.elementor-widget-divider--separator-type-pattern{--divider-border-style:none}.elementor-widget-divider--separator-type-pattern.elementor-widget-divider--view-line .elementor-divider-separator,.elementor-widget-divider--separator-type-pattern:not(.elementor-widget-divider--view-line) .elementor-divider-separator:after,.elementor-widget-divider--separator-type-pattern:not(.elementor-widget-divider--view-line) .elementor-divider-separator:before,.elementor-widget-divider--separator-type-pattern:not([class*=elementor-widget-divider--view]) .elementor-divider-separator{width:100%;min-height:var(--divider-pattern-height);-webkit-mask-size:var(--divider-pattern-size) 100%;mask-size:var(--divider-pattern-size) 100%;-webkit-mask-repeat:var(--divider-pattern-repeat);mask-repeat:var(--divider-pattern-repeat);background-color:var(--divider-color);-webkit-mask-image:var(--divider-pattern-url);mask-image:var(--divider-pattern-url)}.elementor-widget-divider--no-spacing{--divider-pattern-size:auto}.elementor-widget-divider--bg-round{--divider-pattern-repeat:round}.rtl .elementor-widget-divider .elementor-divider__text{direction:rtl}.e-con-inner>.elementor-widget-divider,.e-con>.elementor-widget-divider{width:var(--container-widget-width,100%);--flex-grow:var(--container-widget-flex-grow)}<\/style>\t\t<div class=\"elementor-divider\">\n\t\t\t<span class=\"elementor-divider-separator\">\n\t\t\t\t\t\t<\/span>\n\t\t<\/div>\n\t\t\t\t<\/div>\n\t\t\t\t<\/div>\n\t\t\t\t<div class=\"elementor-element elementor-element-b10b4cb elementor-widget elementor-widget-heading\" data-id=\"b10b4cb\" data-element_type=\"widget\" data-widget_type=\"heading.default\">\n\t\t\t\t<div class=\"elementor-widget-container\">\n\t\t\t<h3 class=\"elementor-heading-title elementor-size-default\">Contactez-nous<\/h3>\t\t<\/div>\n\t\t\t\t<\/div>\n\t\t\t\t<div class=\"elementor-element elementor-element-61f1c51 elementor-mobile-align-center elementor-list-item-link-full_width elementor-widget elementor-widget-icon-list\" data-id=\"61f1c51\" data-element_type=\"widget\" data-widget_type=\"icon-list.default\">\n\t\t\t\t<div class=\"elementor-widget-container\">\n\t\t\t<link rel=\"stylesheet\" href=\"https:\/\/avenirlocationreunion.fr\/wp-content\/plugins\/elementor\/assets\/css\/widget-icon-list.min.css\">\t\t<ul class=\"elementor-icon-list-items\">\n\t\t\t\t\t\t\t<li class=\"elementor-icon-list-item\">\n\t\t\t\t\t\t\t\t\t\t\t<span class=\"elementor-icon-list-icon\">\n\t\t\t\t\t\t\t<i aria-hidden=\"true\" class=\"fas fa-phone-alt\"><\/i>\t\t\t\t\t\t<\/span>\n\t\t\t\t\t\t\t\t\t\t<span class=\"elementor-icon-list-text\">06.92.38.42.22<\/span>\n\t\t\t\t\t\t\t\t\t<\/li>\n\t\t\t\t\t\t\t\t<li class=\"elementor-icon-list-item\">\n\t\t\t\t\t\t\t\t\t\t\t<a href=\"#\">\n\n\t\t\t\t\t\t\t\t\t\t\t\t<span class=\"elementor-icon-list-icon\">\n\t\t\t\t\t\t\t<i aria-hidden=\"true\" class=\"fas fa-envelope\"><\/i>\t\t\t\t\t\t<\/span>\n\t\t\t\t\t\t\t\t\t\t<span class=\"elementor-icon-list-text\">contact@avenir-location.re<\/span>\n\t\t\t\t\t\t\t\t\t\t\t<\/a>\n\t\t\t\t\t\t\t\t\t<\/li>\n\t\t\t\t\t\t\t\t<li class=\"elementor-icon-list-item\">\n\t\t\t\t\t\t\t\t\t\t\t<a href=\"#\">\n\n\t\t\t\t\t\t\t\t\t\t\t\t<span class=\"elementor-icon-list-icon\">\n\t\t\t\t\t\t\t<i aria-hidden=\"true\" class=\"fas fa-map-marker-alt\"><\/i>\t\t\t\t\t\t<\/span>\n\t\t\t\t\t\t\t\t\t\t<span class=\"elementor-icon-list-text\">Saint-Denis 97400 R\u00e9union<\/span>\n\t\t\t\t\t\t\t\t\t\t\t<\/a>\n\t\t\t\t\t\t\t\t\t<\/li>\n\t\t\t\t\t\t<\/ul>\n\t\t\t\t<\/div>\n\t\t\t\t<\/div>\n\t\t\t\t\t<\/div>\n\t\t<\/div>\n\t\t\t\t\t\t\t<\/div>\n\t\t<\/section>\n\t\t\t\t\t<\/div>\n\t\t<\/div>\n\t\t\t\t\t\t\t<\/div>\n\t\t<\/section>\n\t\t\t\t\t\t\t<\/div>\n\t\t","protected":false},"excerpt":{"rendered":"<p>Contact Vous avez besoins de plus de renseignements ? Notre service client est disponible pour r\u00e9pondre \u00e0 vos questions. Contactez-nous 06.92.38.42.22 contact@avenir-location.re Saint-Denis 97400 R\u00e9union<\/p>\n","protected":false},"author":1,"featured_media":0,"parent":0,"menu_order":0,"comment_status":"closed","ping_status":"closed","template":"","meta":{"site-sidebar-layout":"no-sidebar","site-content-layout":"page-builder","ast-global-header-display":"","ast-banner-title-visibility":"","ast-main-header-display":"","ast-hfb-above-header-display":"","ast-hfb-below-header-display":"","ast-hfb-mobile-header-display":"","site-post-title":"disabled","ast-breadcrumbs-content":"disabled","ast-featured-img":"disabled","footer-sml-layout":"","theme-transparent-header-meta":"enabled","adv-header-id-meta":"","stick-header-meta":"","header-above-stick-meta":"","header-main-stick-meta":"","header-below-stick-meta":"","footnotes":""},"class_list":["post-578","page","type-page","status-publish","hentry"],"yoast_head":"<!-- This site is optimized with the Yoast SEO plugin v24.1 - https:\/\/yoast.com\/wordpress\/plugins\/seo\/ -->\n<title>Avenir Location - Location De Voitures \u00c0 La R\u00e9union<\/title>\n<meta name=\"description\" content=\"Contactez Avenir Location, votre expert en location de voitures \u00e0 l&#039;\u00eele de la R\u00e9union. Posez vos questions, obtenez un devis ou r\u00e9servez votre v\u00e9hicule facilement gr\u00e2ce \u00e0 notre formulaire en ligne.\" \/>\n<meta name=\"robots\" content=\"index, follow, max-snippet:-1, max-image-preview:large, max-video-preview:-1\" \/>\n<link rel=\"canonical\" href=\"https:\/\/avenirlocationreunion.fr\/?page_id=578\" \/>\n<meta property=\"og:locale\" content=\"fr_FR\" \/>\n<meta property=\"og:type\" content=\"article\" \/>\n<meta property=\"og:title\" content=\"Avenir Location - Location De Voitures \u00c0 La R\u00e9union\" \/>\n<meta property=\"og:description\" content=\"Contactez Avenir Location, votre expert en location de voitures \u00e0 l&#039;\u00eele de la R\u00e9union. Posez vos questions, obtenez un devis ou r\u00e9servez votre v\u00e9hicule facilement gr\u00e2ce \u00e0 notre formulaire en ligne.\" \/>\n<meta property=\"og:url\" content=\"https:\/\/avenirlocationreunion.fr\/?page_id=578\" \/>\n<meta property=\"og:site_name\" content=\"Avenir Location\" \/>\n<meta property=\"article:publisher\" content=\"https:\/\/www.facebook.com\/AvenirLocationReunion\" \/>\n<meta property=\"article:modified_time\" content=\"2025-01-02T13:32:15+00:00\" \/>\n<meta property=\"og:image\" content=\"https:\/\/avenirlocationreunion.fr\/wp-content\/uploads\/2024\/12\/avenir-location-reunion.png\" \/>\n\t<meta property=\"og:image:width\" content=\"851\" \/>\n\t<meta property=\"og:image:height\" content=\"315\" \/>\n\t<meta property=\"og:image:type\" content=\"image\/png\" \/>\n<meta name=\"twitter:card\" content=\"summary_large_image\" \/>\n<meta name=\"twitter:label1\" content=\"Dur\u00e9e de lecture estim\u00e9e\" \/>\n\t<meta name=\"twitter:data1\" content=\"1 minute\" \/>\n<script type=\"application\/ld+json\" class=\"yoast-schema-graph\">{\"@context\":\"https:\/\/schema.org\",\"@graph\":[{\"@type\":\"WebPage\",\"@id\":\"https:\/\/avenirlocationreunion.fr\/?page_id=578\",\"url\":\"https:\/\/avenirlocationreunion.fr\/?page_id=578\",\"name\":\"Avenir Location - Location De Voitures \u00c0 La R\u00e9union\",\"isPartOf\":{\"@id\":\"https:\/\/avenirlocationreunion.fr\/#website\"},\"datePublished\":\"2021-02-23T10:07:14+00:00\",\"dateModified\":\"2025-01-02T13:32:15+00:00\",\"description\":\"Contactez Avenir Location, votre expert en location de voitures \u00e0 l'\u00eele de la R\u00e9union. Posez vos questions, obtenez un devis ou r\u00e9servez votre v\u00e9hicule facilement gr\u00e2ce \u00e0 notre formulaire en ligne.\",\"breadcrumb\":{\"@id\":\"https:\/\/avenirlocationreunion.fr\/?page_id=578#breadcrumb\"},\"inLanguage\":\"fr-FR\",\"potentialAction\":[{\"@type\":\"ReadAction\",\"target\":[\"https:\/\/avenirlocationreunion.fr\/?page_id=578\"]}]},{\"@type\":\"BreadcrumbList\",\"@id\":\"https:\/\/avenirlocationreunion.fr\/?page_id=578#breadcrumb\",\"itemListElement\":[{\"@type\":\"ListItem\",\"position\":1,\"name\":\"Accueil\",\"item\":\"https:\/\/avenirlocationreunion.fr\/\"},{\"@type\":\"ListItem\",\"position\":2,\"name\":\"Contact\"}]},{\"@type\":\"WebSite\",\"@id\":\"https:\/\/avenirlocationreunion.fr\/#website\",\"url\":\"https:\/\/avenirlocationreunion.fr\/\",\"name\":\"Avenir Location\",\"description\":\"La route est plus belle avec Avenir Location\",\"publisher\":{\"@id\":\"https:\/\/avenirlocationreunion.fr\/#organization\"},\"potentialAction\":[{\"@type\":\"SearchAction\",\"target\":{\"@type\":\"EntryPoint\",\"urlTemplate\":\"https:\/\/avenirlocationreunion.fr\/?s={search_term_string}\"},\"query-input\":{\"@type\":\"PropertyValueSpecification\",\"valueRequired\":true,\"valueName\":\"search_term_string\"}}],\"inLanguage\":\"fr-FR\"},{\"@type\":\"Organization\",\"@id\":\"https:\/\/avenirlocationreunion.fr\/#organization\",\"name\":\"Avenir Location\",\"url\":\"https:\/\/avenirlocationreunion.fr\/\",\"logo\":{\"@type\":\"ImageObject\",\"inLanguage\":\"fr-FR\",\"@id\":\"https:\/\/avenirlocationreunion.fr\/#\/schema\/logo\/image\/\",\"url\":\"https:\/\/avenirlocationreunion.fr\/wp-content\/uploads\/2023\/07\/LOGO-VFINALE-AVENIR-LOCATION-SANS-TELEPHONE.png\",\"contentUrl\":\"https:\/\/avenirlocationreunion.fr\/wp-content\/uploads\/2023\/07\/LOGO-VFINALE-AVENIR-LOCATION-SANS-TELEPHONE.png\",\"width\":500,\"height\":500,\"caption\":\"Avenir Location\"},\"image\":{\"@id\":\"https:\/\/avenirlocationreunion.fr\/#\/schema\/logo\/image\/\"},\"sameAs\":[\"https:\/\/www.facebook.com\/AvenirLocationReunion\",\"https:\/\/www.instagram.com\/avenirlocation\/\"]}]}<\/script>\n<!-- \/ Yoast SEO plugin. -->","yoast_head_json":{"title":"Avenir Location - Location De Voitures \u00c0 La R\u00e9union","description":"Contactez Avenir Location, votre expert en location de voitures \u00e0 l'\u00eele de la R\u00e9union. Posez vos questions, obtenez un devis ou r\u00e9servez votre v\u00e9hicule facilement gr\u00e2ce \u00e0 notre formulaire en ligne.","robots":{"index":"index","follow":"follow","max-snippet":"max-snippet:-1","max-image-preview":"max-image-preview:large","max-video-preview":"max-video-preview:-1"},"canonical":"https:\/\/avenirlocationreunion.fr\/?page_id=578","og_locale":"fr_FR","og_type":"article","og_title":"Avenir Location - Location De Voitures \u00c0 La R\u00e9union","og_description":"Contactez Avenir Location, votre expert en location de voitures \u00e0 l'\u00eele de la R\u00e9union. Posez vos questions, obtenez un devis ou r\u00e9servez votre v\u00e9hicule facilement gr\u00e2ce \u00e0 notre formulaire en ligne.","og_url":"https:\/\/avenirlocationreunion.fr\/?page_id=578","og_site_name":"Avenir Location","article_publisher":"https:\/\/www.facebook.com\/AvenirLocationReunion","article_modified_time":"2025-01-02T13:32:15+00:00","og_image":[{"width":851,"height":315,"url":"https:\/\/avenirlocationreunion.fr\/wp-content\/uploads\/2024\/12\/avenir-location-reunion.png","type":"image\/png"}],"twitter_card":"summary_large_image","twitter_misc":{"Dur\u00e9e de lecture estim\u00e9e":"1 minute"},"schema":{"@context":"https:\/\/schema.org","@graph":[{"@type":"WebPage","@id":"https:\/\/avenirlocationreunion.fr\/?page_id=578","url":"https:\/\/avenirlocationreunion.fr\/?page_id=578","name":"Avenir Location - Location De Voitures \u00c0 La R\u00e9union","isPartOf":{"@id":"https:\/\/avenirlocationreunion.fr\/#website"},"datePublished":"2021-02-23T10:07:14+00:00","dateModified":"2025-01-02T13:32:15+00:00","description":"Contactez Avenir Location, votre expert en location de voitures \u00e0 l'\u00eele de la R\u00e9union. Posez vos questions, obtenez un devis ou r\u00e9servez votre v\u00e9hicule facilement gr\u00e2ce \u00e0 notre formulaire en ligne.","breadcrumb":{"@id":"https:\/\/avenirlocationreunion.fr\/?page_id=578#breadcrumb"},"inLanguage":"fr-FR","potentialAction":[{"@type":"ReadAction","target":["https:\/\/avenirlocationreunion.fr\/?page_id=578"]}]},{"@type":"BreadcrumbList","@id":"https:\/\/avenirlocationreunion.fr\/?page_id=578#breadcrumb","itemListElement":[{"@type":"ListItem","position":1,"name":"Accueil","item":"https:\/\/avenirlocationreunion.fr\/"},{"@type":"ListItem","position":2,"name":"Contact"}]},{"@type":"WebSite","@id":"https:\/\/avenirlocationreunion.fr\/#website","url":"https:\/\/avenirlocationreunion.fr\/","name":"Avenir Location","description":"La route est plus belle avec Avenir Location","publisher":{"@id":"https:\/\/avenirlocationreunion.fr\/#organization"},"potentialAction":[{"@type":"SearchAction","target":{"@type":"EntryPoint","urlTemplate":"https:\/\/avenirlocationreunion.fr\/?s={search_term_string}"},"query-input":{"@type":"PropertyValueSpecification","valueRequired":true,"valueName":"search_term_string"}}],"inLanguage":"fr-FR"},{"@type":"Organization","@id":"https:\/\/avenirlocationreunion.fr\/#organization","name":"Avenir Location","url":"https:\/\/avenirlocationreunion.fr\/","logo":{"@type":"ImageObject","inLanguage":"fr-FR","@id":"https:\/\/avenirlocationreunion.fr\/#\/schema\/logo\/image\/","url":"https:\/\/avenirlocationreunion.fr\/wp-content\/uploads\/2023\/07\/LOGO-VFINALE-AVENIR-LOCATION-SANS-TELEPHONE.png","contentUrl":"https:\/\/avenirlocationreunion.fr\/wp-content\/uploads\/2023\/07\/LOGO-VFINALE-AVENIR-LOCATION-SANS-TELEPHONE.png","width":500,"height":500,"caption":"Avenir Location"},"image":{"@id":"https:\/\/avenirlocationreunion.fr\/#\/schema\/logo\/image\/"},"sameAs":["https:\/\/www.facebook.com\/AvenirLocationReunion","https:\/\/www.instagram.com\/avenirlocation\/"]}]}},"_links":{"self":[{"href":"https:\/\/avenirlocationreunion.fr\/index.php?rest_route=\/wp\/v2\/pages\/578","targetHints":{"allow":["GET"]}}],"collection":[{"href":"https:\/\/avenirlocationreunion.fr\/index.php?rest_route=\/wp\/v2\/pages"}],"about":[{"href":"https:\/\/avenirlocationreunion.fr\/index.php?rest_route=\/wp\/v2\/types\/page"}],"author":[{"embeddable":true,"href":"https:\/\/avenirlocationreunion.fr\/index.php?rest_route=\/wp\/v2\/users\/1"}],"replies":[{"embeddable":true,"href":"https:\/\/avenirlocationreunion.fr\/index.php?rest_route=%2Fwp%2Fv2%2Fcomments&post=578"}],"version-history":[{"count":55,"href":"https:\/\/avenirlocationreunion.fr\/index.php?rest_route=\/wp\/v2\/pages\/578\/revisions"}],"predecessor-version":[{"id":1082,"href":"https:\/\/avenirlocationreunion.fr\/index.php?rest_route=\/wp\/v2\/pages\/578\/revisions\/1082"}],"wp:attachment":[{"href":"https:\/\/avenirlocationreunion.fr\/index.php?rest_route=%2Fwp%2Fv2%2Fmedia&parent=578"}],"curies":[{"name":"wp","href":"https:\/\/api.w.org\/{rel}","templated":true}]}}