{"id":823,"date":"2023-08-17T10:04:43","date_gmt":"2023-08-17T06:04:43","guid":{"rendered":"https:\/\/avenirlocationreunion.fr\/?page_id=823"},"modified":"2025-01-02T17:28:47","modified_gmt":"2025-01-02T13:28:47","slug":"remboursements_retours","status":"publish","type":"page","link":"https:\/\/avenirlocationreunion.fr\/?page_id=823","title":{"rendered":"CONDITIONS GENERALES DE LOCATION"},"content":{"rendered":"\n<p><\/p>\n\n\n\n<h3 class=\"wp-block-heading\">1. Nos Conditions G\u00e9n\u00e9rales de Location<\/h3>\n\n\n\n<ul class=\"wp-block-list\">\n<li>Le conducteur doit \u00eatre \u00e2g\u00e9 au minimum de 22 ans.<\/li>\n\n\n\n<li>Avoir plus de 3 ans de permis<\/li>\n\n\n\n<li>Permis de conduire CEE\/Permis International.<\/li>\n\n\n\n<li>Pi\u00e8ce d&rsquo;identit\u00e9 en cours de validit\u00e9.<\/li>\n\n\n\n<li>Location minimum 24 heures cons\u00e9cutives.<\/li>\n<\/ul>\n\n\n\n<p>Outre le montant de la location, une caution en esp\u00e8ces ou en ch\u00e8que de 1300\u20ac sera \u00e9galement exig\u00e9e. <br><br>Des p\u00e9nalit\u00e9s factur\u00e9es \u00e0 20,00\u20ac\/Heure voiture et 30.00\u20ac\/Heure utilitaire sont appliqu\u00e9es en cas de retard.<\/p>\n\n\n\n<p><\/p>\n\n\n\n<h3 class=\"wp-block-heading\">2. Chacun de nos tarifs comprend<\/h3>\n\n\n\n<ul class=\"wp-block-list\">\n<li>Le kilom\u00e9trage illimit\u00e9.<\/li>\n\n\n\n<li>L&rsquo;entretien g\u00e9n\u00e9ral du v\u00e9hicule.<\/li>\n\n\n\n<li>Le d\u00e9pannage en cas de panne m\u00e9canique jusqu&rsquo;au point de location.<\/li>\n\n\n\n<li>Les assurances.<br><\/li>\n<\/ul>\n\n\n\n<h3 class=\"wp-block-heading\">3. Ne sont pas inclus dans les tarifs<\/h3>\n\n\n\n<ul class=\"wp-block-list\">\n<li>Le Nettoyage du v\u00e9hicule (sauf option suppl\u00e9mentaire)<\/li>\n\n\n\n<li>Le Carburant<\/li>\n\n\n\n<li>Les frais de remorquage en cas de vol, d&rsquo;accident ou panne du v\u00e9hicule due \u00e0 une responsabilit\u00e9 du client. <\/li>\n\n\n\n<li>Les contraventions enregistr\u00e9es pendant la p\u00e9riode de location.<\/li>\n<\/ul>\n\n\n\n<h3 class=\"wp-block-heading\">4. Les Assurances<\/h3>\n\n\n\n<p>Le vol, l&rsquo;incendie, le bris de glace, les dommages au v\u00e9hicule sont \u00e9galement couverts dans la limite de retenue au contrat de location.<\/p>\n\n\n\n<p>En cas d&rsquo;accident \u00ab\u00a0responsable\u00a0\u00bb, le contrat sera r\u00e9sili\u00e9 de plein droit sans remboursement des journ\u00e9es d&rsquo;immobilisation.<\/p>\n\n\n\n<h3 class=\"wp-block-heading\">5. Nos Assurances ne prennent pas en charge<\/h3>\n\n\n\n<ul class=\"wp-block-list\">\n<li>Les d\u00e9gradations int\u00e9rieures du v\u00e9hicule y compris les t\u00e2ches sur la sellerie.<\/li>\n\n\n\n<li>Les pneumatiques.<\/li>\n\n\n\n<li>Les objets en g\u00e9n\u00e9ral ou biens transport\u00e9s.<\/li>\n\n\n\n<li>Les d\u00e9gradations des parties sup\u00e9rieures du v\u00e9hicule.<\/li>\n\n\n\n<li>La perte ou le vol d&rsquo;\u00e9quipements tels que radio, antenne, essuie-glaces, roue de secours, r\u00e9troviseurs, outillage int\u00e9rieur.<\/li>\n\n\n\n<li>Les dommages caus\u00e9s au v\u00e9hicule en cas de vol, troubles ou \u00e9meutes.<\/li>\n\n\n\n<li>Le remorquage du v\u00e9hicule en cas de panne \u00ab\u00a0responsable\u00a0\u00bb.<\/li>\n<\/ul>\n\n\n\n<h4 class=\"wp-block-heading\"><strong><em>Les conditions g\u00e9n\u00e9rales compl\u00e8tes sont mises \u00e0 disposition de chaque client dans nos agences et sur nos contrats de location<\/em>.<\/strong><\/h4>\n","protected":false},"excerpt":{"rendered":"<p>1. Nos Conditions G\u00e9n\u00e9rales de Location Outre le montant de la location, une caution en esp\u00e8ces ou en ch\u00e8que de 1300\u20ac sera \u00e9galement exig\u00e9e. Des p\u00e9nalit\u00e9s factur\u00e9es \u00e0 20,00\u20ac\/Heure voiture et 30.00\u20ac\/Heure utilitaire sont appliqu\u00e9es en cas de retard. 2. Chacun de nos tarifs comprend 3. Ne sont pas inclus dans les tarifs 4. Les &hellip;<\/p>\n<p class=\"read-more\"> <a class=\"\" href=\"https:\/\/avenirlocationreunion.fr\/?page_id=823\"> <span class=\"screen-reader-text\">CONDITIONS GENERALES DE LOCATION<\/span> Lire la suite\u00a0\u00bb<\/a><\/p>\n","protected":false},"author":1,"featured_media":0,"parent":0,"menu_order":0,"comment_status":"closed","ping_status":"closed","template":"","meta":{"site-sidebar-layout":"default","site-content-layout":"default","ast-global-header-display":"","ast-banner-title-visibility":"","ast-main-header-display":"","ast-hfb-above-header-display":"","ast-hfb-below-header-display":"","ast-hfb-mobile-header-display":"","site-post-title":"","ast-breadcrumbs-content":"","ast-featured-img":"","footer-sml-layout":"","theme-transparent-header-meta":"","adv-header-id-meta":"","stick-header-meta":"","header-above-stick-meta":"","header-main-stick-meta":"","header-below-stick-meta":"","footnotes":""},"class_list":["post-823","page","type-page","status-publish","hentry"],"yoast_head":"<!-- This site is optimized with the Yoast SEO plugin v24.1 - https:\/\/yoast.com\/wordpress\/plugins\/seo\/ -->\n<title>CONDITIONS GENERALES DE LOCATION - La route est plus belle avec Avenir Location<\/title>\n<meta name=\"description\" content=\"Consultez les conditions g\u00e9n\u00e9rales d&#039;Avenir Location, votre sp\u00e9cialiste en location de voitures \u00e0 l&#039;\u00eele de la R\u00e9union. Retrouvez toutes les informations essentielles sur nos services, r\u00e9servations et engagements.\" \/>\n<meta name=\"robots\" content=\"index, follow, max-snippet:-1, max-image-preview:large, max-video-preview:-1\" \/>\n<link rel=\"canonical\" href=\"https:\/\/avenirlocationreunion.fr\/?page_id=823\" \/>\n<meta property=\"og:locale\" content=\"fr_FR\" \/>\n<meta property=\"og:type\" content=\"article\" \/>\n<meta property=\"og:title\" content=\"Avenir Location - Location De Voitures \u00c0 La R\u00e9union\" \/>\n<meta property=\"og:description\" content=\"Un large choix de voitures et utilitaires disponible \u00e0 la location \u00e0 la R\u00e9union.\" \/>\n<meta property=\"og:url\" content=\"https:\/\/avenirlocationreunion.fr\/?page_id=823\" \/>\n<meta property=\"og:site_name\" content=\"Avenir Location\" \/>\n<meta property=\"article:publisher\" content=\"https:\/\/www.facebook.com\/AvenirLocationReunion\" \/>\n<meta property=\"article:modified_time\" content=\"2025-01-02T13:28:47+00:00\" \/>\n<meta property=\"og:image\" content=\"https:\/\/avenirlocationreunion.fr\/wp-content\/uploads\/2024\/12\/avenir-location-reunion.png\" \/>\n\t<meta property=\"og:image:width\" content=\"851\" \/>\n\t<meta property=\"og:image:height\" content=\"315\" \/>\n\t<meta property=\"og:image:type\" content=\"image\/png\" \/>\n<meta name=\"twitter:card\" content=\"summary_large_image\" \/>\n<meta name=\"twitter:label1\" content=\"Dur\u00e9e de lecture estim\u00e9e\" \/>\n\t<meta name=\"twitter:data1\" content=\"2 minutes\" \/>\n<script type=\"application\/ld+json\" class=\"yoast-schema-graph\">{\"@context\":\"https:\/\/schema.org\",\"@graph\":[{\"@type\":\"WebPage\",\"@id\":\"https:\/\/avenirlocationreunion.fr\/?page_id=823\",\"url\":\"https:\/\/avenirlocationreunion.fr\/?page_id=823\",\"name\":\"CONDITIONS GENERALES DE LOCATION - La route est plus belle avec Avenir Location\",\"isPartOf\":{\"@id\":\"https:\/\/avenirlocationreunion.fr\/#website\"},\"datePublished\":\"2023-08-17T06:04:43+00:00\",\"dateModified\":\"2025-01-02T13:28:47+00:00\",\"description\":\"Consultez les conditions g\u00e9n\u00e9rales d'Avenir Location, votre sp\u00e9cialiste en location de voitures \u00e0 l'\u00eele de la R\u00e9union. Retrouvez toutes les informations essentielles sur nos services, r\u00e9servations et engagements.\",\"breadcrumb\":{\"@id\":\"https:\/\/avenirlocationreunion.fr\/?page_id=823#breadcrumb\"},\"inLanguage\":\"fr-FR\",\"potentialAction\":[{\"@type\":\"ReadAction\",\"target\":[\"https:\/\/avenirlocationreunion.fr\/?page_id=823\"]}]},{\"@type\":\"BreadcrumbList\",\"@id\":\"https:\/\/avenirlocationreunion.fr\/?page_id=823#breadcrumb\",\"itemListElement\":[{\"@type\":\"ListItem\",\"position\":1,\"name\":\"Accueil\",\"item\":\"https:\/\/avenirlocationreunion.fr\/\"},{\"@type\":\"ListItem\",\"position\":2,\"name\":\"CONDITIONS GENERALES DE LOCATION\"}]},{\"@type\":\"WebSite\",\"@id\":\"https:\/\/avenirlocationreunion.fr\/#website\",\"url\":\"https:\/\/avenirlocationreunion.fr\/\",\"name\":\"Avenir Location\",\"description\":\"La route est plus belle avec Avenir Location\",\"publisher\":{\"@id\":\"https:\/\/avenirlocationreunion.fr\/#organization\"},\"potentialAction\":[{\"@type\":\"SearchAction\",\"target\":{\"@type\":\"EntryPoint\",\"urlTemplate\":\"https:\/\/avenirlocationreunion.fr\/?s={search_term_string}\"},\"query-input\":{\"@type\":\"PropertyValueSpecification\",\"valueRequired\":true,\"valueName\":\"search_term_string\"}}],\"inLanguage\":\"fr-FR\"},{\"@type\":\"Organization\",\"@id\":\"https:\/\/avenirlocationreunion.fr\/#organization\",\"name\":\"Avenir Location\",\"url\":\"https:\/\/avenirlocationreunion.fr\/\",\"logo\":{\"@type\":\"ImageObject\",\"inLanguage\":\"fr-FR\",\"@id\":\"https:\/\/avenirlocationreunion.fr\/#\/schema\/logo\/image\/\",\"url\":\"https:\/\/avenirlocationreunion.fr\/wp-content\/uploads\/2023\/07\/LOGO-VFINALE-AVENIR-LOCATION-SANS-TELEPHONE.png\",\"contentUrl\":\"https:\/\/avenirlocationreunion.fr\/wp-content\/uploads\/2023\/07\/LOGO-VFINALE-AVENIR-LOCATION-SANS-TELEPHONE.png\",\"width\":500,\"height\":500,\"caption\":\"Avenir Location\"},\"image\":{\"@id\":\"https:\/\/avenirlocationreunion.fr\/#\/schema\/logo\/image\/\"},\"sameAs\":[\"https:\/\/www.facebook.com\/AvenirLocationReunion\",\"https:\/\/www.instagram.com\/avenirlocation\/\"]}]}<\/script>\n<!-- \/ Yoast SEO plugin. -->","yoast_head_json":{"title":"CONDITIONS GENERALES DE LOCATION - La route est plus belle avec Avenir Location","description":"Consultez les conditions g\u00e9n\u00e9rales d'Avenir Location, votre sp\u00e9cialiste en location de voitures \u00e0 l'\u00eele de la R\u00e9union. Retrouvez toutes les informations essentielles sur nos services, r\u00e9servations et engagements.","robots":{"index":"index","follow":"follow","max-snippet":"max-snippet:-1","max-image-preview":"max-image-preview:large","max-video-preview":"max-video-preview:-1"},"canonical":"https:\/\/avenirlocationreunion.fr\/?page_id=823","og_locale":"fr_FR","og_type":"article","og_title":"Avenir Location - Location De Voitures \u00c0 La R\u00e9union","og_description":"Un large choix de voitures et utilitaires disponible \u00e0 la location \u00e0 la R\u00e9union.","og_url":"https:\/\/avenirlocationreunion.fr\/?page_id=823","og_site_name":"Avenir Location","article_publisher":"https:\/\/www.facebook.com\/AvenirLocationReunion","article_modified_time":"2025-01-02T13:28:47+00:00","og_image":[{"width":851,"height":315,"url":"https:\/\/avenirlocationreunion.fr\/wp-content\/uploads\/2024\/12\/avenir-location-reunion.png","type":"image\/png"}],"twitter_card":"summary_large_image","twitter_misc":{"Dur\u00e9e de lecture estim\u00e9e":"2 minutes"},"schema":{"@context":"https:\/\/schema.org","@graph":[{"@type":"WebPage","@id":"https:\/\/avenirlocationreunion.fr\/?page_id=823","url":"https:\/\/avenirlocationreunion.fr\/?page_id=823","name":"CONDITIONS GENERALES DE LOCATION - La route est plus belle avec Avenir Location","isPartOf":{"@id":"https:\/\/avenirlocationreunion.fr\/#website"},"datePublished":"2023-08-17T06:04:43+00:00","dateModified":"2025-01-02T13:28:47+00:00","description":"Consultez les conditions g\u00e9n\u00e9rales d'Avenir Location, votre sp\u00e9cialiste en location de voitures \u00e0 l'\u00eele de la R\u00e9union. Retrouvez toutes les informations essentielles sur nos services, r\u00e9servations et engagements.","breadcrumb":{"@id":"https:\/\/avenirlocationreunion.fr\/?page_id=823#breadcrumb"},"inLanguage":"fr-FR","potentialAction":[{"@type":"ReadAction","target":["https:\/\/avenirlocationreunion.fr\/?page_id=823"]}]},{"@type":"BreadcrumbList","@id":"https:\/\/avenirlocationreunion.fr\/?page_id=823#breadcrumb","itemListElement":[{"@type":"ListItem","position":1,"name":"Accueil","item":"https:\/\/avenirlocationreunion.fr\/"},{"@type":"ListItem","position":2,"name":"CONDITIONS GENERALES DE LOCATION"}]},{"@type":"WebSite","@id":"https:\/\/avenirlocationreunion.fr\/#website","url":"https:\/\/avenirlocationreunion.fr\/","name":"Avenir Location","description":"La route est plus belle avec Avenir Location","publisher":{"@id":"https:\/\/avenirlocationreunion.fr\/#organization"},"potentialAction":[{"@type":"SearchAction","target":{"@type":"EntryPoint","urlTemplate":"https:\/\/avenirlocationreunion.fr\/?s={search_term_string}"},"query-input":{"@type":"PropertyValueSpecification","valueRequired":true,"valueName":"search_term_string"}}],"inLanguage":"fr-FR"},{"@type":"Organization","@id":"https:\/\/avenirlocationreunion.fr\/#organization","name":"Avenir Location","url":"https:\/\/avenirlocationreunion.fr\/","logo":{"@type":"ImageObject","inLanguage":"fr-FR","@id":"https:\/\/avenirlocationreunion.fr\/#\/schema\/logo\/image\/","url":"https:\/\/avenirlocationreunion.fr\/wp-content\/uploads\/2023\/07\/LOGO-VFINALE-AVENIR-LOCATION-SANS-TELEPHONE.png","contentUrl":"https:\/\/avenirlocationreunion.fr\/wp-content\/uploads\/2023\/07\/LOGO-VFINALE-AVENIR-LOCATION-SANS-TELEPHONE.png","width":500,"height":500,"caption":"Avenir Location"},"image":{"@id":"https:\/\/avenirlocationreunion.fr\/#\/schema\/logo\/image\/"},"sameAs":["https:\/\/www.facebook.com\/AvenirLocationReunion","https:\/\/www.instagram.com\/avenirlocation\/"]}]}},"_links":{"self":[{"href":"https:\/\/avenirlocationreunion.fr\/index.php?rest_route=\/wp\/v2\/pages\/823","targetHints":{"allow":["GET"]}}],"collection":[{"href":"https:\/\/avenirlocationreunion.fr\/index.php?rest_route=\/wp\/v2\/pages"}],"about":[{"href":"https:\/\/avenirlocationreunion.fr\/index.php?rest_route=\/wp\/v2\/types\/page"}],"author":[{"embeddable":true,"href":"https:\/\/avenirlocationreunion.fr\/index.php?rest_route=\/wp\/v2\/users\/1"}],"replies":[{"embeddable":true,"href":"https:\/\/avenirlocationreunion.fr\/index.php?rest_route=%2Fwp%2Fv2%2Fcomments&post=823"}],"version-history":[{"count":2,"href":"https:\/\/avenirlocationreunion.fr\/index.php?rest_route=\/wp\/v2\/pages\/823\/revisions"}],"predecessor-version":[{"id":1112,"href":"https:\/\/avenirlocationreunion.fr\/index.php?rest_route=\/wp\/v2\/pages\/823\/revisions\/1112"}],"wp:attachment":[{"href":"https:\/\/avenirlocationreunion.fr\/index.php?rest_route=%2Fwp%2Fv2%2Fmedia&parent=823"}],"curies":[{"name":"wp","href":"https:\/\/api.w.org\/{rel}","templated":true}]}}